{"id":334,"date":"2012-08-12T20:31:47","date_gmt":"2012-08-12T18:31:47","guid":{"rendered":"http:\/\/localhost:8888\/?page_id=334"},"modified":"2021-11-23T10:30:01","modified_gmt":"2021-11-23T10:30:01","slug":"kontaktbokning","status":"publish","type":"page","link":"https:\/\/andrea.nu\/?page_id=334","title":{"rendered":"Kontakt\/Bokning"},"content":{"rendered":"<p><a href=\"http:\/\/andrea.nu\/wp-content\/uploads\/2012\/08\/kontakt.jpg\"><img loading=\"lazy\" class=\"alignleft size-full wp-image-422\" title=\"kontakt\" src=\"http:\/\/andrea.nu\/wp-content\/uploads\/2012\/08\/kontakt.jpg\" alt=\"\" width=\"268\" height=\"87\" \/><\/a><\/p>\n<p>&nbsp;<\/p>\n<p>&nbsp;<\/p>\n<p>Jag svarar g\u00e4rna p\u00e5 dina fr\u00e5gor och v\u00e4lkommen att boka mig via <a href=\"https:\/\/ff.forfattarcentrum.se\/\">f\u00f6rfattarcentrums<\/a> kostnadsfria f\u00f6rmedling.<\/p>\n<p>&nbsp;<\/p>\n<p>&nbsp;<\/p>\n","protected":false},"excerpt":{"rendered":"<p>&nbsp; &nbsp; Jag svarar g\u00e4rna p\u00e5 dina fr\u00e5gor och v\u00e4lkommen att boka mig via f\u00f6rfattarcentrums kostnadsfria f\u00f6rmedling. &nbsp; &nbsp;<\/p>\n","protected":false},"author":1,"featured_media":0,"parent":10,"menu_order":2,"comment_status":"open","ping_status":"open","template":"","meta":[],"_links":{"self":[{"href":"https:\/\/andrea.nu\/index.php?rest_route=\/wp\/v2\/pages\/334"}],"collection":[{"href":"https:\/\/andrea.nu\/index.php?rest_route=\/wp\/v2\/pages"}],"about":[{"href":"https:\/\/andrea.nu\/index.php?rest_route=\/wp\/v2\/types\/page"}],"author":[{"embeddable":true,"href":"https:\/\/andrea.nu\/index.php?rest_route=\/wp\/v2\/users\/1"}],"replies":[{"embeddable":true,"href":"https:\/\/andrea.nu\/index.php?rest_route=%2Fwp%2Fv2%2Fcomments&post=334"}],"version-history":[{"count":5,"href":"https:\/\/andrea.nu\/index.php?rest_route=\/wp\/v2\/pages\/334\/revisions"}],"predecessor-version":[{"id":1118,"href":"https:\/\/andrea.nu\/index.php?rest_route=\/wp\/v2\/pages\/334\/revisions\/1118"}],"up":[{"embeddable":true,"href":"https:\/\/andrea.nu\/index.php?rest_route=\/wp\/v2\/pages\/10"}],"wp:attachment":[{"href":"https:\/\/andrea.nu\/index.php?rest_route=%2Fwp%2Fv2%2Fmedia&parent=334"}],"curies":[{"name":"wp","href":"https:\/\/api.w.org\/{rel}","templated":true}]}}