{"id":32,"date":"2012-07-31T21:54:30","date_gmt":"2012-07-31T19:54:30","guid":{"rendered":"http:\/\/localhost:8888\/?page_id=32"},"modified":"2021-11-23T09:59:41","modified_gmt":"2021-11-23T09:59:41","slug":"exempel","status":"publish","type":"page","link":"https:\/\/andrea.nu\/?page_id=32","title":{"rendered":"B\u00f6cker"},"content":{"rendered":"<p>Teckna \u00e4r lek och l\u00e4rande, fantasi, logik och hj\u00e4rngympa. Att skissa och g\u00f6ra research \u00e4r den<br \/>\nroligaste fasen. D\u00e5 \u00e4r allt till\u00e5tet och det finns varken r\u00e4tt eller fel. N\u00e4r sedan koden \u00e4r kn\u00e4ckt arbetar jag mig fram till m\u00e5l.<br \/>\nJag illustrerar bilderb\u00f6cker och faktab\u00f6cker f\u00f6r barn och ungdom. Det\u00a0 har blivit ett femtiotal titlar, h\u00e4r ser du n\u00e5gra.<\/p>\n<p><a href=\"http:\/\/andrea.nu\/wp-content\/uploads\/2012\/07\/uppslag_flatten-e1344845314528.jpg\"><img loading=\"lazy\" class=\"alignnone size-full wp-image-353\" title=\"uppslag_flatten\" src=\"http:\/\/andrea.nu\/wp-content\/uploads\/2012\/07\/uppslag_flatten.jpg\" alt=\"\" width=\"1417\" height=\"3118\" \/><\/a><\/p>\n<p><strong><a href=\"http:\/\/andrea.nu\/wp-content\/uploads\/2012\/07\/omslag_flatten.jpg\"><img loading=\"lazy\" class=\"alignnone size-full wp-image-352\" title=\"omslag_flatten\" src=\"http:\/\/andrea.nu\/wp-content\/uploads\/2012\/07\/omslag_flatten.jpg\" alt=\"\" width=\"994\" height=\"1126\" srcset=\"https:\/\/andrea.nu\/wp-content\/uploads\/2012\/07\/omslag_flatten.jpg 994w, https:\/\/andrea.nu\/wp-content\/uploads\/2012\/07\/omslag_flatten-264x300.jpg 264w, https:\/\/andrea.nu\/wp-content\/uploads\/2012\/07\/omslag_flatten-903x1024.jpg 903w\" sizes=\"(max-width: 994px) 100vw, 994px\" \/><\/a><\/strong><\/p>\n<table class=\" alignleft\" border=\"0\" width=\"900\" cellspacing=\"0\" cellpadding=\"0\" align=\"center\">\n<tbody>\n<tr>\n<td valign=\"top\" width=\"42%\"><strong>F\u00d6RFATTARDEBUT\u00a0 2016<br \/>\n<\/strong>Br\u00f6derna Grimm \u2013 inte bara Sn\u00f6vit, en biografi<br \/>\nTvilling f\u00f6rlag<br \/>\n<strong><strong>B\u00d6CKER JAG ILLUSTRERAT 1991\u20132021<\/strong><\/strong><strong>Titel<br \/>\n<\/strong>2021 Kalaset p\u00e5 Klinten<br \/>\n2018 Br\u00f6derna Grimms sagov\u00e4rld<br \/>\n2018 I helgonens v\u00e4r<br \/>\n2015 Benny biktar<strong><br \/>\n<\/strong>2013 Barnens lilla djurb<br \/>\n2010 Du\u00a0 klarar det Milo<br \/>\n2009 Stanna Milo<br \/>\n2008 Br\u00f6derna Grimms sagov\u00e4rld<br \/>\n<span style=\"font-family: inherit; font-size: inherit;\">2008 Milos flykt<br \/>\n<\/span><span style=\"font-family: inherit; font-size: inherit;\">2007 Lisa p\u00e5 landet<br \/>\n<\/span>2006 \u00c4ngeln vid Aplaryds stup<br \/>\n2005 Julboken<br \/>\n2005 F\u00f6delsedagsboken<br \/>\n2004 Fr\u00e5n \u00f6ra till hj\u00e4rta del 2<br \/>\n2004 Sn\u00f6vit och de sju dv\u00e4rgarna<br \/>\n2003 I helgonens v\u00e4rld<br \/>\n2002 Ber\u00e4ttelser och dikter<br \/>\n2002 Keep Sake\/antologi<br \/>\n2002 Planeterna<br \/>\n2001 Klokt sagt och modigt gjort<br \/>\n2001 Barnens andra bok<br \/>\n2001 P\u00e5 ridl\u00e4ger<br \/>\n2000 F\u00f6rsta boken om v\u00e4der<br \/>\n2000 F\u00f6rsta boken om vikingarna<br \/>\n1999 Mannen i isen\/antologi<br \/>\n1999 F\u00f6rsta boken om j\u00e4rn\u00e5ldern<br \/>\n1999 Fr\u00e5n \u00f6ra till hj\u00e4rta del 1<br \/>\n1999 Felicia och Flugan<br \/>\n1999 Skatter ur Bibeln<br \/>\n1998 F\u00f6rsta boken om sten\u00e5ldern<br \/>\n1997 En fluga i taket<br \/>\n1997 V\u00e5ra k\u00e4ra psalmer<br \/>\n1997 Titta, min f\u00f6rsta r\u00e4disa<br \/>\n1996 Gr\u00f6na r\u00e4tter<br \/>\n1995 Julboken<br \/>\n1995 Troll-Tula och Nisse<br \/>\n1995 Uti v\u00e5r hage<br \/>\n1994 V\u00e5r f\u00f6rsta svampbok<br \/>\n1993 Kung Midas \u00e4ventyr<br \/>\n1993 S\u00e5 kan det g\u00e5!<br \/>\n1992 Andra sagoboken<br \/>\n1992 F\u00f6rsta sagoboken<br \/>\n1992 Hyacinta<br \/>\n1991 Skrivet i sn\u00f6<\/td>\n<td valign=\"top\" width=\"32%\">&nbsp;<\/p>\n<p>&nbsp;<\/p>\n<p>&nbsp;<\/p>\n<p><strong>F\u00f6rfattare<\/strong><br \/>\nKerstin Barup<br \/>\nred. och fakta Andr\u00e9a R\u00e4der<br \/>\nAnna Dun\u00e9r<br \/>\nRauha Navarro Marttinen<br \/>\nSiw Widerberg\/antologi<br \/>\n<span style=\"font-family: inherit; font-size: inherit;\">\u00c5sa Storck<br \/>\n<\/span><span style=\"font-family: inherit; font-size: inherit;\">\u00c5sa Sto<br \/>\n<\/span>red. och fakta Andr\u00e9a R\u00e4der<br \/>\n\u00c5sa Storck<br \/>\nIngrid M\u00fchlow<br \/>\nred. Anna Dun\u00e9r<br \/>\nG\u00f6rel Kristina N\u00e4slund<br \/>\nantologi<br \/>\nLennart Winnberg<br \/>\nMona Eriksson<br \/>\nAnna Dun\u00e9r<br \/>\nEva Nordlinder\/antologi<br \/>\nl\u00e4romedel i engelska<br \/>\nfaktagransk: Marie R\u00e5dbo<br \/>\nl\u00e4romedel i svenska<br \/>\nWiderberg\/antologi<br \/>\nNina Mattis<br \/>\nSiv Runesson<br \/>\nC Lidstr\u00f6m-Holmberg<br \/>\nMartin Widmark<br \/>\nC Lidstr\u00f6m-Holmberg<br \/>\nLennart Winnberg<br \/>\nUlla Lundqvist<br \/>\nMaj Bylock<br \/>\nC Lidstr\u00f6m-Holmberg<br \/>\nUlla Lundqvist<br \/>\nsvenska psalmer i urval<br \/>\nKerstin Matz<br \/>\nRaben&amp;Sj\u00f6gren<br \/>\nG\u00f6rel Kristina N\u00e4slund<br \/>\n\u00c5sa Lind<br \/>\nG\u00f6rel Kristina N\u00e4slund<br \/>\nG\u00f6rel Kristina N\u00e4slund<br \/>\nLynne Reid Banks<br \/>\nAnita Nilsson<br \/>\nantologi\/Gunilla Bor\u00e9n<br \/>\nantologi\/Gunilla Bor\u00e9n<br \/>\nMaj Bylock<br \/>\nLena Stiessel<\/td>\n<td valign=\"top\" width=\"26%\">&nbsp;<\/p>\n<p>&nbsp;<\/p>\n<p>&nbsp;<\/p>\n<p><strong>F\u00f6rlag<\/strong><br \/>\nAG stiftelsen<br \/>\nBonnier Carlsen<strong><br \/>\n<\/strong>Katolska pedagogiska n\u00e4mnden<br \/>\nKatolska\u00a0pedagogiska n\u00e4mnden<br \/>\nEn bok f\u00f6r alla<br \/>\n<span style=\"font-family: inherit; font-size: inherit;\">Hegas<br \/>\n<\/span><span style=\"font-family: inherit; font-size: inherit;\">Hegas<br \/>\n<\/span><span style=\"font-family: inherit; font-size: inherit;\">Bonnier Carlsen<br \/>\n<\/span><span style=\"font-family: inherit; font-size: inherit;\">Hegas<br \/>\n<\/span><span style=\"font-family: inherit; font-size: inherit;\">Hegas<br \/>\n<\/span><span style=\"font-family: inherit; font-size: inherit;\">Libris<br \/>\n<\/span><span style=\"font-family: inherit; font-size: inherit;\">Bonnier Carlsen<br \/>\n<\/span><span style=\"font-family: inherit; font-size: inherit;\">Raben&amp;Sj\u00f6gren<br \/>\n<\/span><span style=\"font-family: inherit; font-size: inherit;\">Musica Bassa<br \/>\n<\/span><span style=\"font-family: inherit; font-size: inherit;\">Raben&amp;Sj\u00f6gren<br \/>\n<\/span><span style=\"font-family: inherit; font-size: inherit;\">Libris\/Katolska ped.n\u00e4mden<br \/>\n<\/span><span style=\"font-family: inherit; font-size: inherit;\">Natur och Kultur<br \/>\n<\/span><span style=\"font-family: inherit; font-size: inherit;\">Almqsvist&amp;Wiksell<br \/>\n<\/span><span style=\"font-family: inherit; font-size: inherit;\">Almqvist&amp;Wiksell<br \/>\n<\/span><span style=\"font-family: inherit; font-size: inherit;\">Almqvist&amp;Wiksell<br \/>\n<\/span><span style=\"font-family: inherit; font-size: inherit;\">En bok f\u00f6r alla<br \/>\n<\/span><span style=\"font-family: inherit; font-size: inherit;\">Almqvist&amp;Wiksell<br \/>\n<\/span><span style=\"font-family: inherit; font-size: inherit;\">Almqvist&amp;Wiksell<br \/>\n<\/span><span style=\"font-family: inherit; font-size: inherit;\">Almqvist&amp;Wiksell<br \/>\n<\/span><span style=\"font-family: inherit; font-size: inherit;\">Almqvist&amp;Wiksell<br \/>\n<\/span><span style=\"font-family: inherit; font-size: inherit;\">Almqvist&amp;Wiksell<br \/>\n<\/span><span style=\"font-family: inherit; font-size: inherit;\">Musica Bassa<br \/>\n<\/span>Raben&amp;Sj\u00f6gren<br \/>\nRaben&amp;Sj\u00f6gren<br \/>\nAlmqvist&amp;Wiksell<br \/>\nRaben&amp;Sj\u00f6gren<br \/>\nRaben&amp;Sj\u00f6gren<br \/>\nRaben&amp;Sj\u00f6gren<br \/>\nRaben&amp;Sj\u00f6gren<br \/>\nBonnier Carlsen<br \/>\nRaben&amp;Sj\u00f6gren<br \/>\nRaben&amp;Sj\u00f6gren<br \/>\nRaben&amp;Sj\u00f6gren<br \/>\nRaben&amp;Sj\u00f6gren<br \/>\nRaben&amp;Sj\u00f6gren<br \/>\nRaben&amp;Sj\u00f6gren<br \/>\nRaben&amp;Sj\u00f6gren<br \/>\nRaben&amp;Sj\u00f6gren<br \/>\nRaben&amp;Sj\u00f6gren<\/td>\n<\/tr>\n<\/tbody>\n<\/table>\n<p style=\"text-align: left;\">\n","protected":false},"excerpt":{"rendered":"<p>Teckna \u00e4r lek och l\u00e4rande, fantasi, logik och hj\u00e4rngympa. Att skissa och g\u00f6ra research \u00e4r den roligaste fasen. D\u00e5 \u00e4r allt till\u00e5tet och det finns varken r\u00e4tt eller fel. N\u00e4r sedan koden \u00e4r kn\u00e4ckt arbetar jag mig fram till m\u00e5l. &hellip; <a href=\"https:\/\/andrea.nu\/?page_id=32\">Continue reading <span class=\"meta-nav\">&rarr;<\/span><\/a><\/p>\n","protected":false},"author":1,"featured_media":0,"parent":0,"menu_order":0,"comment_status":"open","ping_status":"open","template":"full-width-page.php","meta":[],"_links":{"self":[{"href":"https:\/\/andrea.nu\/index.php?rest_route=\/wp\/v2\/pages\/32"}],"collection":[{"href":"https:\/\/andrea.nu\/index.php?rest_route=\/wp\/v2\/pages"}],"about":[{"href":"https:\/\/andrea.nu\/index.php?rest_route=\/wp\/v2\/types\/page"}],"author":[{"embeddable":true,"href":"https:\/\/andrea.nu\/index.php?rest_route=\/wp\/v2\/users\/1"}],"replies":[{"embeddable":true,"href":"https:\/\/andrea.nu\/index.php?rest_route=%2Fwp%2Fv2%2Fcomments&post=32"}],"version-history":[{"count":28,"href":"https:\/\/andrea.nu\/index.php?rest_route=\/wp\/v2\/pages\/32\/revisions"}],"predecessor-version":[{"id":1110,"href":"https:\/\/andrea.nu\/index.php?rest_route=\/wp\/v2\/pages\/32\/revisions\/1110"}],"wp:attachment":[{"href":"https:\/\/andrea.nu\/index.php?rest_route=%2Fwp%2Fv2%2Fmedia&parent=32"}],"curies":[{"name":"wp","href":"https:\/\/api.w.org\/{rel}","templated":true}]}}