{"id":646,"date":"2012-11-27T15:00:08","date_gmt":"2012-11-27T15:00:08","guid":{"rendered":"http:\/\/andrea.nu\/?page_id=646"},"modified":"2013-05-14T11:48:08","modified_gmt":"2013-05-14T11:48:08","slug":"broderna-grimm-2","status":"publish","type":"page","link":"http:\/\/andrea.nu\/?page_id=646","title":{"rendered":"Br\u00f6derna Grimm"},"content":{"rendered":"<p><a href=\"http:\/\/andrea.nu\/wp-content\/uploads\/2012\/11\/grimmlogga.jpg\"><img loading=\"lazy\" class=\"alignnone size-full wp-image-654\" title=\"grimmlogga\" src=\"http:\/\/andrea.nu\/wp-content\/uploads\/2012\/11\/grimmlogga.jpg\" alt=\"\" width=\"1535\" height=\"629\" srcset=\"http:\/\/andrea.nu\/wp-content\/uploads\/2012\/11\/grimmlogga.jpg 1535w, http:\/\/andrea.nu\/wp-content\/uploads\/2012\/11\/grimmlogga-300x122.jpg 300w, http:\/\/andrea.nu\/wp-content\/uploads\/2012\/11\/grimmlogga-1024x419.jpg 1024w\" sizes=\"(max-width: 1535px) 100vw, 1535px\" \/><\/a>EN UTST\u00c4LLNING AV ANDR\u00c9A R\u00c4DER I SAMARBETE MED FR\u00d6LUNDA KULTURHUS<\/p>\n<p><span style=\"color: #808080;\"><strong>BOKA UTST\u00c4LL<\/strong>N<strong>NINGEN<\/strong><\/span><br \/>\nAnna Carin Svedstam, tfn 031-366 28 83<br \/>\nanna.carin.svedstam@afh.goteborg.se<br \/>\n<span style=\"color: #3366ff;\"><a href=\"http:\/\/goteborg.se\/wps\/portal\/frolundak\/bibliotek\" target=\"_blank\"><span style=\"color: #3366ff;\">V\u00e4stra Fr\u00f6lunda bibliotek<\/span><\/a><\/span>, Fr\u00f6lunda Kulturhus<br \/>\n<span style=\"color: #3366ff;\"><a href=\"http:\/\/andrea.nu\/?p=555\"><span style=\"color: #3366ff;\">Se bilder<\/span><\/a><\/span><\/p>\n<p><span style=\"color: #808080;\"><strong>BOKA F\u00d6RFATTARBES\u00d6K<\/strong><\/span><br \/>\nAndr\u00e9a R\u00e4der<br \/>\nmobil: 0760-821272<em><a href=\"http:\/\/www.andrea.nu\/\"><br \/>\n<\/a><\/em>andrea@andrea.nu<br \/>\nwww.andrea.nu<em><a href=\"http:\/\/www.andrea.nu\/\"><br \/>\n<\/a><\/em>Boka g\u00e4rna via <span style=\"color: #3366ff;\"><a href=\"http:\/\/forfattarcentrum.se\/forfattarformedling\/forfattare\/1365\/Andrea_R_der\" target=\"_blank\"><span style=\"color: #3366ff;\">F\u00f6rfattarcentrums<\/span><\/a><span style=\"color: #333333;\"> kostnadsfria f\u00f6rmedling<\/span><\/span><\/p>\n<p><strong>TURN\u00c9PLAN 2012-2014<\/strong><br \/>\nI dagsl\u00e4get \u00e4r utst\u00e4llningen \u00e4r bokad t.o.m. 5 april 2014<br \/>\nV\u00e4lkommen att <strong>BOKA<\/strong> inf\u00f6r 2014<strong><br \/>\n2012<\/strong><br \/>\n22 sept-14 okt\u00a0\u00a0\u00a0\u00a0\u00a0\u00a0 Fr\u00f6lunda Kulturhus<br \/>\n29 okt-29 nov\u00a0\u00a0\u00a0\u00a0\u00a0\u00a0\u00a0 Hisingens bibliotek<br \/>\n6 dec-6 jan\u00a0\u00a0\u00a0\u00a0\u00a0\u00a0\u00a0\u00a0\u00a0\u00a0\u00a0 Backa bibliotek\/G\u00f6teborg<br \/>\n<strong>2013<\/strong><br \/>\n18 jan-22 feb\u00a0\u00a0\u00a0\u00a0\u00a0\u00a0\u00a0 Kulturhuset Fyren\/Kungsbacka<br \/>\n22 feb-22 mars\u00a0\u00a0\u00a0 \u00d6stra sjukhuset, BUS-biblioteket\/G\u00f6teborg<br \/>\n25 mars-22 april \u00a0Alings\u00e5s bibliotek<br \/>\n23 april-29 maj\u00a0\u00a0\u00a0 M\u00f6lndals stadsbibliotek<br \/>\n3 juni- 28 juli\u00a0\u00a0\u00a0\u00a0\u00a0\u00a0 Lidk\u00f6pings bibliotek<br \/>\nSOMMARUPPEH\u00c5LL<br \/>\n6 aug-22 sept\u00a0\u00a0\u00a0\u00a0\u00a0 Bergsj\u00f6ns bibliotek<br \/>\n23 sept-7 okt\u00a0\u00a0\u00a0\u00a0\u00a0\u00a0 Kortedala bibliotek\/G\u00f6teborg<br \/>\n8 okt-5 nov\u00a0\u00a0\u00a0\u00a0\u00a0\u00a0\u00a0\u00a0\u00a0 Kung\u00e4lvs bibliotek<br \/>\n6 nov- 9 dec\u00a0\u00a0\u00a0\u00a0\u00a0\u00a0\u00a0 H\u00f6gsbo bibliotek<br \/>\n<strong>2014<\/strong><br \/>\n10 dec-17 jan\u00a0\u00a0\u00a0\u00a0\u00a0 Karlskoga bibliotek<br \/>\n1 feb-1 mars\u00a0\u00a0\u00a0\u00a0\u00a0\u00a0\u00a0 Halmstad bibliotek<br \/>\n8 mars-5 april\u00a0\u00a0\u00a0\u00a0 V\u00e4rnamo bibliotek<\/p>\n<p><span style=\"color: #808080;\"><strong>F\u00d6RSLAG P\u00c5 F\u00d6RFATTARBES\u00d6K I SAMBAND MED UTST\u00c4LLNINGEN<\/strong><\/span><strong><\/strong><\/p>\n<p><strong>Resa i Grimmland &#8211; en kv\u00e4llsf\u00f6rel\u00e4sning med bildvisning<\/strong><br \/>\nF\u00f6lj med p\u00e5 en sagolik resa i br\u00f6derna Grimms fotsp\u00e5r.<br \/>\nVilka var de?\u00a0 Var fann de sagorna?\u00a0 Vad inspirerade dem?<br \/>\nOch s\u00e5 n\u00e5gra intressanta restips utmed &#8221;Deutsche M\u00e4rchentrasse&#8221;<em><br \/>\nTid: 60 min<\/em><\/p>\n<p><strong>Bj\u00f6rnf\u00e4ll &#8211; en av Europas \u00e4ldsta folksagor <\/strong>(eller annan mer komplicerad saga)<br \/>\nJag \u00e5terber\u00e4ttar sagan och visar illustrationerna.<br \/>\nVi tittar p\u00e5 utst\u00e4llningen och eleverna f\u00e5r l\u00e4ra sig om br\u00f6derna Grimm.<br \/>\nSagoquiz<em><br \/>\nHelklass. Fr\u00e5n \u00e5k 7.\u00a0 Tid: 60 min<\/em><\/p>\n<p><em><\/em><strong>D\u00f6den som fadder <\/strong>(eller annan l\u00e4skig saga)<br \/>\nJag \u00e5terber\u00e4ttar sagan och visar illustrationerna.<br \/>\nVi tittar p\u00e5 utst\u00e4llningen och eleverna f\u00e5r l\u00e4ra sig om br\u00f6derna Grimm.<br \/>\nSagoquiz<em><br \/>\nHelklass. Fr\u00e5n \u00e5k 4-6.\u00a0 Tid: 60 min<\/em><\/p>\n<p><strong>P\u00e4ronskaft (<\/strong>eller annan sn\u00e4ll saga)<br \/>\nJag \u00e5terber\u00e4ttar sagan och visar illustrationerna.<br \/>\nVi tittar p\u00e5 utst\u00e4llningen och barnen f\u00e5r l\u00e4r sig om br\u00f6derna Grimm.<em><br \/>\nHelklass. Fr\u00e5n F-\u00e5k 3.\u00a0 Tid: 60 min<\/em><\/p>\n<p><strong>P\u00e5 tyska: Grimms M\u00e4rchen<\/strong><br \/>\nJag \u00e5terber\u00e4ttar en Grimmsaga p\u00e5 tyska som skickas till klassen i f\u00f6rv\u00e4g f\u00f6r f\u00f6rst\u00e5elsens skull. Vi tittar p\u00e5 utst\u00e4llningen och eleverna f\u00e5r l\u00e4ra sig om br\u00f6derna Grimm. Visningen \u00e4r p\u00e5 enkel tyska (blandad med svenska allt efter behov).<br \/>\nSagoquiz p\u00e5 tyska<em><br \/>\nHelklass. F\u00f6r elever som l\u00e4ser tyska p\u00e5 h\u00f6gstadiet eller gymnasiet. Tid: 60 min <\/em><\/p>\n<p><strong>INFO OM UTST\u00c4LLNINGEN<\/strong><br \/>\nUtst\u00e4llningen best\u00e5r av en sagosk\u00e4rm och en faktask\u00e4rm. Den passar b\u00e5de st\u00f6rre och mindre lokaler och \u00e4r l\u00e4tt att transportera och st\u00e4lla upp. De tryckta veporna som \u00e4r f\u00f6rsedda med kardborre monteras enkelt p\u00e5 sk\u00e4rmarna av kartong. Monteringsanvisning medf\u00f6ljer. Varje sk\u00e4rm \u00e4r 3,60 m bred och 1,90 m h\u00f6g och v\u00e4ger 3 kg vardera. De kan st\u00e4llas upp var f\u00f6r sig eller \u201drygg mot rygg\u201d beroende p\u00e5 utrymme.<\/p>\n<p><strong>I utst\u00e4llningen ing\u00e5r dessutom<\/strong><br \/>\n*tio ramade illustrationer (kopior bakom plastglas) ur boken \u201dBr\u00f6derna Grimms sagov\u00e4rld\u201d<br \/>\n*en\u00a0 modell av br\u00f6derna Grimms barndomshem<br \/>\n*tv\u00e5 \u201dgr\u00e4smattor\u201d f\u00f6r barn att sitta p\u00e5 samt n\u00e5gra f\u00f6rem\u00e5l<\/p>\n<p><strong>Kostnad<\/strong><br \/>\nUtst\u00e4llningsperioden \u00e4r fyra veckor.<br \/>\nUtst\u00e4llning med sk\u00e4rmar, illustrationer och\u00a0 f\u00f6rem\u00e5l: 1 500 kr +frakt till utst\u00e4llningsorten.<br \/>\nEnbart sk\u00e4rmutst\u00e4llning: 1\u00a0200 kr+ plus frakt till utst\u00e4llningsorten.<\/p>\n","protected":false},"excerpt":{"rendered":"<p>EN UTST\u00c4LLNING AV ANDR\u00c9A R\u00c4DER I SAMARBETE MED FR\u00d6LUNDA KULTURHUS BOKA UTST\u00c4LLNNINGEN Anna Carin Svedstam, tfn 031-366 28 83 anna.carin.svedstam@afh.goteborg.se V\u00e4stra Fr\u00f6lunda bibliotek, Fr\u00f6lunda Kulturhus Se bilder BOKA F\u00d6RFATTARBES\u00d6K Andr\u00e9a R\u00e4der mobil: 0760-821272 andrea@andrea.nu www.andrea.nu Boka g\u00e4rna via F\u00f6rfattarcentrums kostnadsfria &hellip; <a href=\"http:\/\/andrea.nu\/?page_id=646\">Continue reading <span class=\"meta-nav\">&rarr;<\/span><\/a><\/p>\n","protected":false},"author":1,"featured_media":0,"parent":0,"menu_order":0,"comment_status":"open","ping_status":"open","template":"","meta":[],"_links":{"self":[{"href":"http:\/\/andrea.nu\/index.php?rest_route=\/wp\/v2\/pages\/646"}],"collection":[{"href":"http:\/\/andrea.nu\/index.php?rest_route=\/wp\/v2\/pages"}],"about":[{"href":"http:\/\/andrea.nu\/index.php?rest_route=\/wp\/v2\/types\/page"}],"author":[{"embeddable":true,"href":"http:\/\/andrea.nu\/index.php?rest_route=\/wp\/v2\/users\/1"}],"replies":[{"embeddable":true,"href":"http:\/\/andrea.nu\/index.php?rest_route=%2Fwp%2Fv2%2Fcomments&post=646"}],"version-history":[{"count":39,"href":"http:\/\/andrea.nu\/index.php?rest_route=\/wp\/v2\/pages\/646\/revisions"}],"predecessor-version":[{"id":858,"href":"http:\/\/andrea.nu\/index.php?rest_route=\/wp\/v2\/pages\/646\/revisions\/858"}],"wp:attachment":[{"href":"http:\/\/andrea.nu\/index.php?rest_route=%2Fwp%2Fv2%2Fmedia&parent=646"}],"curies":[{"name":"wp","href":"https:\/\/api.w.org\/{rel}","templated":true}]}}