{"id":111,"date":"2012-08-01T20:53:44","date_gmt":"2012-08-01T18:53:44","guid":{"rendered":"http:\/\/localhost:8888\/?page_id=111"},"modified":"2012-08-13T08:50:13","modified_gmt":"2012-08-13T08:50:13","slug":"rum","status":"publish","type":"page","link":"http:\/\/andrea.nu\/?page_id=111","title":{"rendered":"Rum f\u00f6r ber\u00e4ttelser"},"content":{"rendered":"<p>Jag har vid flera tillf\u00e4llen haft n\u00f6jet att arbeta med rum: rum f\u00f6r barn och ber\u00e4ttelser. Det \u00e4r n\u00e5got alldeles speciellt med att g\u00e5 upp i storformat, inte bara det att man f\u00e5 kl\u00e4ttra p\u00e5 stegar och anv\u00e4nda kilovis med f\u00e4rg. Det \u00e4r n\u00e5got annat ocks\u00e5.<\/p>\n<p>En v\u00e4ggm\u00e5lning ska vara slitstark i m\u00e5nga l\u00e5nga \u00e5r, inte bara fysiskt. Den visuella slitstyrkan \u00e4r betydligt viktigare. En bilderbok eller tavla man tr\u00f6ttnat p\u00e5 kan stoppas undan. S\u00e5 icke en v\u00e4gg i ett offentligt rum. Den ska passa m\u00e5nga smakriktningar och \u00f6verleva kortsiktiga modeflugor. Den ska vara originell men inte p\u00e5tr\u00e4ngande, fantasifull men \u00e4nd\u00e5 funktionell\u2026 och h\u00e4r ska finnas plats f\u00f6r m\u00f6ten och ber\u00e4ttelser av alla de slag.<\/p>\n<h3><span style=\"color: #0000ff;\"><a href=\"http:\/\/andrea.nu\/?page_id=25\"><span style=\"color: #0000ff;\">SAGOLUNDEN<\/span><\/a><\/span><\/h3>\n<h3><span style=\"color: #0000ff;\"><a href=\"http:\/\/andrea.nu\/?page_id=89\"><span style=\"color: #0000ff;\">STADEN, SKOGEN OCH HAVET<\/span><\/a><\/span><\/h3>\n","protected":false},"excerpt":{"rendered":"<p>Jag har vid flera tillf\u00e4llen haft n\u00f6jet att arbeta med rum: rum f\u00f6r barn och ber\u00e4ttelser. Det \u00e4r n\u00e5got alldeles speciellt med att g\u00e5 upp i storformat, inte bara det att man f\u00e5 kl\u00e4ttra p\u00e5 stegar och anv\u00e4nda kilovis med &hellip; <a href=\"http:\/\/andrea.nu\/?page_id=111\">Continue reading <span class=\"meta-nav\">&rarr;<\/span><\/a><\/p>\n","protected":false},"author":1,"featured_media":0,"parent":0,"menu_order":0,"comment_status":"open","ping_status":"open","template":"","meta":[],"_links":{"self":[{"href":"http:\/\/andrea.nu\/index.php?rest_route=\/wp\/v2\/pages\/111"}],"collection":[{"href":"http:\/\/andrea.nu\/index.php?rest_route=\/wp\/v2\/pages"}],"about":[{"href":"http:\/\/andrea.nu\/index.php?rest_route=\/wp\/v2\/types\/page"}],"author":[{"embeddable":true,"href":"http:\/\/andrea.nu\/index.php?rest_route=\/wp\/v2\/users\/1"}],"replies":[{"embeddable":true,"href":"http:\/\/andrea.nu\/index.php?rest_route=%2Fwp%2Fv2%2Fcomments&post=111"}],"version-history":[{"count":2,"href":"http:\/\/andrea.nu\/index.php?rest_route=\/wp\/v2\/pages\/111\/revisions"}],"predecessor-version":[{"id":376,"href":"http:\/\/andrea.nu\/index.php?rest_route=\/wp\/v2\/pages\/111\/revisions\/376"}],"wp:attachment":[{"href":"http:\/\/andrea.nu\/index.php?rest_route=%2Fwp%2Fv2%2Fmedia&parent=111"}],"curies":[{"name":"wp","href":"https:\/\/api.w.org\/{rel}","templated":true}]}}